{"id":74,"date":"2025-01-13T13:53:31","date_gmt":"2025-01-13T12:53:31","guid":{"rendered":"https:\/\/fsgeo-bonn.de\/?page_id=74"},"modified":"2026-01-14T10:28:20","modified_gmt":"2026-01-14T09:28:20","slug":"startseite","status":"publish","type":"page","link":"https:\/\/fsgeo-bonn.de\/en\/","title":{"rendered":"Home"},"content":{"rendered":"\n<p class=\"has-text-align-center\"><strong>Welcome to the website of the Geography Student Council at the <a href=\"https:\/\/www.geographie.uni-bonn.de\/en\" data-type=\"link\" data-id=\"https:\/\/www.geographie.uni-bonn.de\/en\" target=\"_blank\" rel=\"noreferrer noopener\">Department of Geography<\/a> at the <a href=\"https:\/\/www.uni-bonn.de\/en\" target=\"_blank\" rel=\"noreferrer noopener\">University of Bonn<\/a>!<\/strong><br>On this website, we give you an overview of who we are, what we do and what we offer you as a Student Council.<\/p>\n\n\n\n<p class=\"has-text-align-center\"><a href=\"\/\"><bdo lang=\"de\" dir=\"ltr\"><em>Unsere Website gibt es auch auf Deutsch. \u00c4ndere die Sprache \u00fcber das Men\u00fc oder indem du hier klickst.<\/em><\/bdo><\/a><\/p>\n\n\n<div class=\"wp-block-image\">\n<figure class=\"aligncenter size-large\"><img loading=\"lazy\" decoding=\"async\" width=\"1024\" height=\"683\" src=\"https:\/\/fsgeo-bonn.de\/wp-content\/uploads\/2025\/02\/FS-Spassbild-2025-1024x683.jpeg\" alt=\"\" class=\"wp-image-548\" srcset=\"https:\/\/fsgeo-bonn.de\/wp-content\/uploads\/2025\/02\/FS-Spassbild-2025-1024x683.jpeg 1024w, https:\/\/fsgeo-bonn.de\/wp-content\/uploads\/2025\/02\/FS-Spassbild-2025-300x200.jpeg 300w, https:\/\/fsgeo-bonn.de\/wp-content\/uploads\/2025\/02\/FS-Spassbild-2025-768x512.jpeg 768w, https:\/\/fsgeo-bonn.de\/wp-content\/uploads\/2025\/02\/FS-Spassbild-2025-1536x1024.jpeg 1536w, https:\/\/fsgeo-bonn.de\/wp-content\/uploads\/2025\/02\/FS-Spassbild-2025-2048x1365.jpeg 2048w, https:\/\/fsgeo-bonn.de\/wp-content\/uploads\/2025\/02\/FS-Spassbild-2025-600x400.jpeg 600w, https:\/\/fsgeo-bonn.de\/wp-content\/uploads\/2025\/02\/FS-Spassbild-2025-945x630.jpeg 945w\" sizes=\"auto, (max-width: 1024px) 100vw, 1024px\" \/><\/figure>\n<\/div>\n\n\n<hr class=\"wp-block-separator has-alpha-channel-opacity\"\/>\n\n\n\n<h2 class=\"wp-block-heading\">We are the Geography Student Council<\/h2>\n\n\n\n<p>The Student Council helps you with questions about your course, represents you in the university committees and looks after the first semester students every year. In short: If you don&#8217;t know what to do, come and talk to us!<\/p>\n\n\n\n<p>Strictly speaking, &#8220;Fachschaft Geographie&#8221; (or &#8220;Geography Student Council&#8221;) refers to all Geography students at GIUB. Normally, however, this refers to students who are active in representing student interests at GIUB on a voluntary basis. All students at GIUB have this opportunity \u2013 you can join us, too!<\/p>\n\n\n\n<p>As the Geography Student Council, we represent the interests of students in numerous committees at the university. We also organize many events, for example the Freshers&#8217; Week and Freshers&#8217; Trip, Geo-Parties, the summer festival or mulled wine evenings.<\/p>\n\n\n\n<p>If <strong>you<\/strong> would also like to organize an event or want to stand up for better teaching and student interests in the university committees, please get in touch with us or come along to our public meetings!<\/p>\n\n\n\n<p><strong>During the lecture period, the Student Council meeting takes place every Tuesday at 07:00pm in the Roter Saal. If you just want to drop by or have a specific inquiry, you can visit us in the Student Council room (<a href=\"https:\/\/www.geographie.uni-bonn.de\/en\/department-1\/sites\/\" data-type=\"link\" data-id=\"https:\/\/www.geographie.uni-bonn.de\/en\/department-1\/sites\/\" target=\"_blank\" rel=\"noreferrer noopener\">room U.003 in the basement<\/a>) from Monday to Thursday from 12-1pm during the lecture period.<\/strong><\/p>\n\n\n\n<p>We look forward to seeing you!<br>Your Geography Student Council<\/p>\n\n\n\n<hr class=\"wp-block-separator has-alpha-channel-opacity\"\/>\n\n\n\n<h2 class=\"wp-block-heading\">News from the Geography Student Council<\/h2>\n\n\n<ul class=\"wp-block-latest-posts__list is-grid columns-3 has-dates wp-block-latest-posts\"><li><a class=\"wp-block-latest-posts__post-title\" href=\"https:\/\/fsgeo-bonn.de\/en\/ergebnis-der-wahl-der-fachschaftsvertretung-geographie-2025\/\">Result of the Geography Student Council Election 2025<\/a><time datetime=\"2025-12-10T15:46:14+01:00\" class=\"wp-block-latest-posts__post-date\">10. December 2025<\/time><\/li>\n<li><a class=\"wp-block-latest-posts__post-title\" href=\"https:\/\/fsgeo-bonn.de\/en\/ergebnis-der-wahl-der-fachschaftsvertretung-geographie-2024-25\/\">Result of the Geography Student Council Election 2024\/25<\/a><time datetime=\"2025-01-23T15:00:50+01:00\" class=\"wp-block-latest-posts__post-date\">23. January 2025<\/time><\/li>\n<li><a class=\"wp-block-latest-posts__post-title\" href=\"https:\/\/fsgeo-bonn.de\/en\/ergebnis-der-wahl-der-fachschaftsvertretung-geographie-2023\/\">Result of the Geography Student Council Election 2023<\/a><time datetime=\"2023-12-14T12:00:00+01:00\" class=\"wp-block-latest-posts__post-date\">14. December 2023<\/time><\/li>\n<\/ul>","protected":false},"excerpt":{"rendered":"<p>Welcome to the website of the Geography Student Council at the Department of Geography at the University of Bonn!On this website, we give you an overview of who we are, what we do and what we offer you as a&#8230; <a class=\"more-link\" href=\"https:\/\/fsgeo-bonn.de\/en\/\">Continue Reading &rarr;<\/a><\/p>\n","protected":false},"author":1,"featured_media":0,"parent":0,"menu_order":0,"comment_status":"closed","ping_status":"closed","template":"","meta":{"footnotes":""},"class_list":["post-74","page","type-page","status-publish","hentry"],"translation":{"provider":"WPGlobus","version":"3.0.2","language":"en","enabled_languages":["de","en"],"languages":{"de":{"title":true,"content":true,"excerpt":false},"en":{"title":true,"content":true,"excerpt":false}}},"_links":{"self":[{"href":"https:\/\/fsgeo-bonn.de\/en\/wp-json\/wp\/v2\/pages\/74","targetHints":{"allow":["GET"]}}],"collection":[{"href":"https:\/\/fsgeo-bonn.de\/en\/wp-json\/wp\/v2\/pages"}],"about":[{"href":"https:\/\/fsgeo-bonn.de\/en\/wp-json\/wp\/v2\/types\/page"}],"author":[{"embeddable":true,"href":"https:\/\/fsgeo-bonn.de\/en\/wp-json\/wp\/v2\/users\/1"}],"replies":[{"embeddable":true,"href":"https:\/\/fsgeo-bonn.de\/en\/wp-json\/wp\/v2\/comments?post=74"}],"version-history":[{"count":0,"href":"https:\/\/fsgeo-bonn.de\/en\/wp-json\/wp\/v2\/pages\/74\/revisions"}],"wp:attachment":[{"href":"https:\/\/fsgeo-bonn.de\/en\/wp-json\/wp\/v2\/media?parent=74"}],"curies":[{"name":"wp","href":"https:\/\/api.w.org\/{rel}","templated":true}]}}